{"id":60,"date":"2019-01-30T10:58:26","date_gmt":"2019-01-30T09:58:26","guid":{"rendered":"https:\/\/demo.weblibre.fr\/modele\/?page_id=60"},"modified":"2019-02-18T13:45:49","modified_gmt":"2019-02-18T12:45:49","slug":"accueil","status":"publish","type":"page","link":"https:\/\/demo.weblibre.fr\/modele\/","title":{"rendered":"Accueil"},"content":{"rendered":"\n<p>Vous \u00eates sur un site mod\u00e8le mis en place par <a href=\"https:\/\/weblibre.fr\/\">WebLibre<\/a> pour vous aider \u00e0 choisir la forme que prendra votre futur site. Vous pouvez voir d&rsquo;autres mod\u00e8les de sites de d\u00e9monstration \u00e0 partir du site <a href=\"https:\/\/demo.weblibre.fr\/les-exemples\/\">D\u00e9monstrations<\/a>.<\/p>\n\n\n\n<p>Avec  WebLibre, nous sommes \u00e0 votre disposition pour vous aider \u00e0 cr\u00e9er votre propre site.<\/p>\n\n\n\n<p>Certains contenus (menus, articles, pages) sont encore r\u00e9dig\u00e9s en langue \u00e9trang\u00e8re. Ne vous formalisez pas de cela, ce que nous voulons vous donner \u00e0 voir c&rsquo;est un exemple de pr\u00e9sentation g\u00e9n\u00e9rale de site.<\/p>\n\n\n\n<p>Nous traduirons progressivement ces contenus en fonction de nos disponibilit\u00e9s.<\/p>\n","protected":false},"excerpt":{"rendered":"<p>Vous \u00eates sur un site mod\u00e8le mis en place par WebLibre pour vous aider \u00e0 choisir la forme que prendra[&#8230;]<\/p>\n","protected":false},"author":1,"featured_media":0,"parent":0,"menu_order":0,"comment_status":"closed","ping_status":"closed","template":"","meta":{"footnotes":""},"class_list":["post-60","page","type-page","status-publish","hentry"],"_links":{"self":[{"href":"https:\/\/demo.weblibre.fr\/modele\/wp-json\/wp\/v2\/pages\/60","targetHints":{"allow":["GET"]}}],"collection":[{"href":"https:\/\/demo.weblibre.fr\/modele\/wp-json\/wp\/v2\/pages"}],"about":[{"href":"https:\/\/demo.weblibre.fr\/modele\/wp-json\/wp\/v2\/types\/page"}],"author":[{"embeddable":true,"href":"https:\/\/demo.weblibre.fr\/modele\/wp-json\/wp\/v2\/users\/1"}],"replies":[{"embeddable":true,"href":"https:\/\/demo.weblibre.fr\/modele\/wp-json\/wp\/v2\/comments?post=60"}],"version-history":[{"count":4,"href":"https:\/\/demo.weblibre.fr\/modele\/wp-json\/wp\/v2\/pages\/60\/revisions"}],"predecessor-version":[{"id":99,"href":"https:\/\/demo.weblibre.fr\/modele\/wp-json\/wp\/v2\/pages\/60\/revisions\/99"}],"wp:attachment":[{"href":"https:\/\/demo.weblibre.fr\/modele\/wp-json\/wp\/v2\/media?parent=60"}],"curies":[{"name":"wp","href":"https:\/\/api.w.org\/{rel}","templated":true}]}}