{"id":60,"date":"2019-01-30T10:58:26","date_gmt":"2019-01-30T09:58:26","guid":{"rendered":"https:\/\/demo.weblibre.fr\/general1\/?page_id=60"},"modified":"2019-02-12T08:54:09","modified_gmt":"2019-02-12T07:54:09","slug":"accueil","status":"publish","type":"page","link":"https:\/\/demo.weblibre.fr\/general1\/","title":{"rendered":"Accueil"},"content":{"rendered":"\n<div class=\"wp-block-themeisle-blocks-advanced-columns has-1-columns has-desktop-equal-layout has-tablet-equal-layout has-mobile-equal-layout has-default-gap has-vertical-unset\" id=\"wp-block-themeisle-blocks-advanced-columns-b093316b\" style=\"border-width:0px;border-style:solid;border-color:#000000;border-radius:0px;justify-content:unset\"><div class=\"wp-themeisle-block-overlay\" style=\"background:#000000;opacity:0;mix-blend-mode:normal;filter:blur( 0px ) brightness( 1 ) contrast( 1 ) grayscale( 0 ) hue-rotate( 0deg ) saturate( 1 )\"><\/div><div class=\"innerblocks-wrap\">\n<section class=\"wp-block-themeisle-blocks-advanced-column\" id=\"wp-block-themeisle-blocks-advanced-column-fbd6b33f\" style=\"background-image:url( 'https:\/\/demo.weblibre.fr\/general1\/wp-content\/uploads\/sites\/8\/2019\/02\/bridge-918677_1920.jpg' );background-attachment:scroll;background-position:bottom center;background-repeat:no-repeat;background-size:auto;border-width:0px;border-style:solid;border-color:#000000;border-radius:0px\">\n<h2 id=\"wp-block-themeisle-blocks-advanced-heading-c7ad4669\" class=\"wp-block-themeisle-blocks-advanced-heading wp-block-themeisle-blocks-advanced-heading-c7ad4669\" style=\"color:#ffffff;font-style:normal;text-transform:none\">Th\u00e8me Neve<\/h2>\n\n\n\n<h2 id=\"wp-block-themeisle-blocks-advanced-heading-269a9965\" class=\"wp-block-themeisle-blocks-advanced-heading wp-block-themeisle-blocks-advanced-heading-269a9965\" style=\"color:#ffffff;font-style:normal;text-transform:none\">Site de d\u00e9monstration<\/h2>\n\n\n\n<h2 id=\"wp-block-themeisle-blocks-advanced-heading-d326561c\" class=\"wp-block-themeisle-blocks-advanced-heading wp-block-themeisle-blocks-advanced-heading-d326561c\" style=\"color:#ffffff;font-style:normal;text-transform:none\">Par WebLibre<\/h2>\n\n\n\n<hr class=\"wp-block-separator\"\/>\n\n\n\n<div id=\"wp-block-themeisle-blocks-button-group-8508ad55\" class=\"wp-block-themeisle-blocks-button-group\" style=\"justify-content:center;align-items:center\"><a href=\"https:\/\/demo.weblibre.fr\/general1\/a-propos\/\" target=\"_self\" class=\"wp-block-themeisle-blocks-button wp-block-themeisle-blocks-button-0\" style=\"font-size:18px;font-style:normal;border-width:0px;border-radius:30px;padding:12px 24px \"><span><strong>A Propos<\/strong><\/span><\/a><a href=\"\" target=\"_self\" class=\"wp-block-themeisle-blocks-button wp-block-themeisle-blocks-button-1\" style=\"font-size:18px;font-style:normal;border-width:0px;border-radius:30px;padding:12px 24px \"><span><strong>Les Services<\/strong><\/span><\/a><\/div>\n\n\n\n<div class=\"wp-block-themeisle-blocks-advanced-columns has-3-columns has-desktop-equal-layout has-tablet-equal-layout has-mobile-collapsedRows-layout has-default-gap has-vertical-unset\" id=\"wp-block-themeisle-blocks-advanced-columns-1cb3370c\" style=\"border-width:0px;border-style:solid;border-color:#000000;border-radius:0px;justify-content:unset\"><div class=\"wp-themeisle-block-overlay\" style=\"opacity:0.5;mix-blend-mode:normal;filter:blur( 0px ) brightness( 1 ) contrast( 1 ) grayscale( 0 ) hue-rotate( 0deg ) saturate( 1 )\"><\/div><div class=\"innerblocks-wrap\">\n<div class=\"wp-block-themeisle-blocks-advanced-column\" id=\"wp-block-themeisle-blocks-advanced-column-e32cd78d\" style=\"border-width:0px;border-style:solid;border-color:#000000;border-radius:0px\">\n<p class=\"wp-block-themeisle-blocks-font-awesome-icons\"><span class=\"undefined-container\" style=\"color:#c444f7;border-radius:0%;border-style:solid;border-width:0px;display:inline-block;margin:5px\"><i class=\"far fa-clock\" style=\"border-radius:0%;font-size:70px;padding:5px\"><\/i><\/span><\/p>\n\n\n\n<h2 id=\"wp-block-themeisle-blocks-advanced-heading-8f68600a\" class=\"wp-block-themeisle-blocks-advanced-heading wp-block-themeisle-blocks-advanced-heading-8f68600a\" style=\"color:#c444f7;font-style:normal;text-transform:none\">Rapide<\/h2>\n<\/div>\n\n\n\n<div class=\"wp-block-themeisle-blocks-advanced-column\" id=\"wp-block-themeisle-blocks-advanced-column-f4c39469\" style=\"border-width:0px;border-style:solid;border-color:#000000;border-radius:0px\">\n<p class=\"wp-block-themeisle-blocks-font-awesome-icons\"><span class=\"undefined-container\" style=\"color:#32a381;border-radius:0%;border-style:solid;border-width:0px;display:inline-block;margin:5px\"><i class=\"fas fa-feather\" style=\"border-radius:0%;font-size:70px;padding:5px\"><\/i><\/span><\/p>\n\n\n\n<h2 id=\"wp-block-themeisle-blocks-advanced-heading-7e82db13\" class=\"wp-block-themeisle-blocks-advanced-heading wp-block-themeisle-blocks-advanced-heading-7e82db13\" style=\"color:#32a381;font-style:normal;text-transform:none\">L\u00e9ger<\/h2>\n<\/div>\n\n\n\n<div class=\"wp-block-themeisle-blocks-advanced-column\" id=\"wp-block-themeisle-blocks-advanced-column-f2a4039d\" style=\"border-width:0px;border-style:solid;border-color:#000000;border-radius:0px\">\n<p class=\"wp-block-themeisle-blocks-font-awesome-icons\"><span class=\"undefined-container\" style=\"color:#c99d00;border-radius:0%;border-style:solid;border-width:0px;display:inline-block;margin:5px\"><i class=\"fas fa-tools\" style=\"border-radius:0%;font-size:70px;padding:5px\"><\/i><\/span><\/p>\n\n\n\n<h2 id=\"wp-block-themeisle-blocks-advanced-heading-ab0ce4fc\" class=\"wp-block-themeisle-blocks-advanced-heading wp-block-themeisle-blocks-advanced-heading-ab0ce4fc\" style=\"color:#c99d00;font-style:normal;text-transform:none\">Configurable<\/h2>\n<\/div>\n<\/div><\/div>\n\n\n\n<p><\/p>\n<\/section>\n<\/div><\/div>\n\n\n\n<div class=\"wp-block-themeisle-blocks-advanced-columns has-2-columns has-desktop-equal-layout has-tablet-equal-layout has-mobile-collapsedRows-layout has-default-gap has-vertical-unset\" id=\"wp-block-themeisle-blocks-advanced-columns-a1f35e69\" style=\"border-width:0px;border-style:solid;border-color:#000000;border-radius:0px;justify-content:unset\"><div class=\"wp-themeisle-block-overlay\" style=\"opacity:0.5;mix-blend-mode:normal;filter:blur( 0px ) brightness( 1 ) contrast( 1 ) grayscale( 0 ) hue-rotate( 0deg ) saturate( 1 )\"><\/div><div class=\"innerblocks-wrap\">\n<div class=\"wp-block-themeisle-blocks-advanced-column\" id=\"wp-block-themeisle-blocks-advanced-column-00ad1c79\" style=\"border-width:0px;border-style:solid;border-color:#000000;border-radius:0px\">\n<figure class=\"wp-block-image\"><img loading=\"lazy\" decoding=\"async\" width=\"1024\" height=\"682\" src=\"https:\/\/demo.weblibre.fr\/general1\/wp-content\/uploads\/sites\/8\/2019\/02\/girl-918706_1280-1024x682.jpg\" alt=\"\" class=\"wp-image-116\" srcset=\"https:\/\/demo.weblibre.fr\/general1\/wp-content\/uploads\/sites\/8\/2019\/02\/girl-918706_1280-1024x682.jpg 1024w, https:\/\/demo.weblibre.fr\/general1\/wp-content\/uploads\/sites\/8\/2019\/02\/girl-918706_1280-300x200.jpg 300w, https:\/\/demo.weblibre.fr\/general1\/wp-content\/uploads\/sites\/8\/2019\/02\/girl-918706_1280-768x512.jpg 768w, https:\/\/demo.weblibre.fr\/general1\/wp-content\/uploads\/sites\/8\/2019\/02\/girl-918706_1280-930x620.jpg 930w, https:\/\/demo.weblibre.fr\/general1\/wp-content\/uploads\/sites\/8\/2019\/02\/girl-918706_1280.jpg 1280w\" sizes=\"auto, (max-width: 1024px) 100vw, 1024px\" \/><\/figure>\n<\/div>\n\n\n\n<div class=\"wp-block-themeisle-blocks-advanced-column\" id=\"wp-block-themeisle-blocks-advanced-column-76ee70c3\" style=\"background:#f4fafc;border-width:0px;border-style:solid;border-color:#000000;border-radius:0px\">\n<p>Vous \u00eates sur un site mod\u00e8le mis en place par <a href=\"https:\/\/weblibre.fr\/\">WebLibre<\/a> pour vous aider \u00e0 choisir la forme que prendra votre futur site. Vous pouvez voir d&rsquo;autres mod\u00e8les de sites de d\u00e9monstration \u00e0 partir du site <a href=\"https:\/\/demo.weblibre.fr\/les-exemples\/\">D\u00e9monstrations<\/a>.<\/p>\n\n\n\n<p>Avec  WebLibre, nous sommes \u00e0 votre disposition pour vous aider \u00e0 cr\u00e9er votre propre site.<\/p>\n<\/div>\n<\/div><\/div>\n\n\n\n<div class=\"wp-block-themeisle-blocks-advanced-columns has-1-columns has-desktop-equal-layout has-tablet-equal-layout has-mobile-equal-layout has-default-gap has-vertical-unset\" id=\"wp-block-themeisle-blocks-advanced-columns-64cac827\" style=\"background:#f4fafc;border-width:0px;border-style:solid;border-color:#000000;border-radius:0px;justify-content:unset\"><div class=\"wp-themeisle-block-overlay\" style=\"opacity:0.5;mix-blend-mode:normal;filter:blur( 0px ) brightness( 1 ) contrast( 1 ) grayscale( 0 ) hue-rotate( 0deg ) saturate( 1 )\"><\/div><div class=\"innerblocks-wrap\">\n<div class=\"wp-block-themeisle-blocks-advanced-column\" id=\"wp-block-themeisle-blocks-advanced-column-20ce93da\" style=\"border-width:0px;border-style:solid;border-color:#000000;border-radius:0px\">\n<h2 id=\"wp-block-themeisle-blocks-advanced-heading-4fce79a9\" class=\"wp-block-themeisle-blocks-advanced-heading wp-block-themeisle-blocks-advanced-heading-4fce79a9\" style=\"color:#000000;font-family:Abhaya Libre;font-weight:normal;font-style:normal;text-transform:none\">Neve un th\u00e8me polyvalent<\/h2>\n\n\n\n<h4 id=\"wp-block-themeisle-blocks-advanced-heading-6a708571\" class=\"wp-block-themeisle-blocks-advanced-heading wp-block-themeisle-blocks-advanced-heading-6a708571\" style=\"color:#717376;font-style:normal;text-transform:none\">Quelques points cl\u00e9 au sujet de Neve<\/h4>\n\n\n\n<div class=\"wp-block-themeisle-blocks-advanced-columns has-4-columns has-desktop-equal-layout has-tablet-equal-layout has-mobile-collapsedRows-layout has-default-gap has-vertical-unset\" id=\"wp-block-themeisle-blocks-advanced-columns-2c4738d5\" style=\"border-width:0px;border-style:solid;border-color:#000000;border-radius:0px;justify-content:unset\"><div class=\"wp-themeisle-block-overlay\" style=\"opacity:0.5;mix-blend-mode:normal;filter:blur( 0px ) brightness( 1 ) contrast( 1 ) grayscale( 0 ) hue-rotate( 0deg ) saturate( 1 )\"><\/div><div class=\"innerblocks-wrap\">\n<div class=\"wp-block-themeisle-blocks-advanced-column\" id=\"wp-block-themeisle-blocks-advanced-column-7092e7fa\" style=\"background:#ffffff;border-width:0px;border-style:solid;border-color:#000000;border-radius:0px\">\n<div class=\"wp-block-themeisle-blocks-service\">\n<p class=\"wp-block-themeisle-blocks-font-awesome-icons\"><span class=\"undefined-container\" style=\"color:#a31400;border-radius:0%;border-style:solid;border-width:0px;display:inline-block;margin:5px\"><i class=\"fas fa-pen-fancy\" style=\"border-radius:0%;font-size:62px;padding:5px\"><\/i><\/span><\/p>\n\n\n\n<h4 id=\"wp-block-themeisle-blocks-advanced-heading-0b459080\" class=\"wp-block-themeisle-blocks-advanced-heading wp-block-themeisle-blocks-advanced-heading-0b459080\" style=\"color:#000000;font-style:normal;text-transform:none\">Utilise Gutenberg<\/h4>\n\n\n\n<p id=\"wp-block-themeisle-blocks-advanced-heading-90f668d8\" class=\"wp-block-themeisle-blocks-advanced-heading wp-block-themeisle-blocks-advanced-heading-90f668d8\" style=\"color:#000000;font-style:normal;text-transform:none\">Permet l&rsquo;utilisation de Gutenberg le nouvel \u00e9diteur de contenus de WordPress.<\/p>\n<\/div>\n<\/div>\n\n\n\n<div class=\"wp-block-themeisle-blocks-advanced-column\" id=\"wp-block-themeisle-blocks-advanced-column-213f59c4\" style=\"background:#ffffff;border-width:0px;border-style:solid;border-color:#000000;border-radius:0px\">\n<p class=\"wp-block-themeisle-blocks-font-awesome-icons\"><span class=\"undefined-container\" style=\"border-radius:0%;border-style:solid;border-width:0px;display:inline-block;margin:5px\"><i class=\"fab fa-angellist\" style=\"border-radius:0%;font-size:62px;padding:5px\"><\/i><\/span><\/p>\n\n\n\n<h4 id=\"wp-block-themeisle-blocks-advanced-heading-ad26af31\" class=\"wp-block-themeisle-blocks-advanced-heading wp-block-themeisle-blocks-advanced-heading-ad26af31\" style=\"color:#000000;font-style:normal;text-transform:none\">Basic<\/h4>\n\n\n\n<p id=\"wp-block-themeisle-blocks-advanced-heading-35755059\" class=\"wp-block-themeisle-blocks-advanced-heading wp-block-themeisle-blocks-advanced-heading-35755059\" style=\"color:#000000;font-style:normal;text-transform:none\">Lorem ipsum dolor sit amet elit do, consectetur adipiscing, sed eiusmod tempor incididunt ut labore et dolore magna aliqua.<\/p>\n<\/div>\n\n\n\n<div class=\"wp-block-themeisle-blocks-advanced-column\" id=\"wp-block-themeisle-blocks-advanced-column-b26ca2ae\" style=\"background:#ffffff;border-width:0px;border-style:solid;border-color:#000000;border-radius:0px\">\n<div class=\"wp-block-themeisle-blocks-service\">\n<p class=\"wp-block-themeisle-blocks-font-awesome-icons\"><span class=\"undefined-container\" style=\"border-radius:0%;border-style:solid;border-width:0px;display:inline-block;margin:5px\"><i class=\"fab fa-angellist\" style=\"border-radius:0%;font-size:62px;padding:5px\"><\/i><\/span><\/p>\n\n\n\n<h4 id=\"wp-block-themeisle-blocks-advanced-heading-e22922df\" class=\"wp-block-themeisle-blocks-advanced-heading wp-block-themeisle-blocks-advanced-heading-e22922df\" style=\"color:#000000;font-style:normal;text-transform:none\">Basic<\/h4>\n\n\n\n<p id=\"wp-block-themeisle-blocks-advanced-heading-2ce8e082\" class=\"wp-block-themeisle-blocks-advanced-heading wp-block-themeisle-blocks-advanced-heading-2ce8e082\" style=\"color:#000000;font-style:normal;text-transform:none\">Lorem ipsum dolor sit amet elit do, consectetur adipiscing, sed eiusmod tempor incididunt ut labore et dolore magna aliqua.<\/p>\n<\/div>\n<\/div>\n\n\n\n<div class=\"wp-block-themeisle-blocks-advanced-column\" id=\"wp-block-themeisle-blocks-advanced-column-ebda8618\" style=\"background:#ffffff;border-width:0px;border-style:solid;border-color:#000000;border-radius:0px\">\n<div class=\"wp-block-themeisle-blocks-service\">\n<p class=\"wp-block-themeisle-blocks-font-awesome-icons\"><span class=\"undefined-container\" style=\"border-radius:0%;border-style:solid;border-width:0px;display:inline-block;margin:5px\"><i class=\"fab fa-angellist\" style=\"border-radius:0%;font-size:62px;padding:5px\"><\/i><\/span><\/p>\n\n\n\n<h4 id=\"wp-block-themeisle-blocks-advanced-heading-75f46a06\" class=\"wp-block-themeisle-blocks-advanced-heading wp-block-themeisle-blocks-advanced-heading-75f46a06\" style=\"color:#000000;font-style:normal;text-transform:none\">Basic<\/h4>\n\n\n\n<p id=\"wp-block-themeisle-blocks-advanced-heading-d64b6b99\" class=\"wp-block-themeisle-blocks-advanced-heading wp-block-themeisle-blocks-advanced-heading-d64b6b99\" style=\"color:#000000;font-style:normal;text-transform:none\">Lorem ipsum dolor sit amet elit do, consectetur adipiscing, sed eiusmod tempor incididunt ut labore et dolore magna aliqua.<\/p>\n<\/div>\n<\/div>\n<\/div><\/div>\n\n\n\n<p><\/p>\n<\/div>\n<\/div><\/div>\n","protected":false},"excerpt":{"rendered":"","protected":false},"author":1,"featured_media":0,"parent":0,"menu_order":0,"comment_status":"closed","ping_status":"closed","template":"page-templates\/template-pagebuilder-full-width.php","meta":{"neve_meta_sidebar":"","neve_meta_container":"","neve_meta_enable_content_width":"","neve_meta_content_width":70,"neve_meta_title_alignment":"","neve_meta_author_avatar":"","neve_post_elements_order":"","neve_meta_disable_header":"","neve_meta_disable_footer":"","neve_meta_disable_title":"","_themeisle_gutenberg_block_has_review":false,"footnotes":""},"class_list":["post-60","page","type-page","status-publish","hentry"],"_links":{"self":[{"href":"https:\/\/demo.weblibre.fr\/general1\/wp-json\/wp\/v2\/pages\/60","targetHints":{"allow":["GET"]}}],"collection":[{"href":"https:\/\/demo.weblibre.fr\/general1\/wp-json\/wp\/v2\/pages"}],"about":[{"href":"https:\/\/demo.weblibre.fr\/general1\/wp-json\/wp\/v2\/types\/page"}],"author":[{"embeddable":true,"href":"https:\/\/demo.weblibre.fr\/general1\/wp-json\/wp\/v2\/users\/1"}],"replies":[{"embeddable":true,"href":"https:\/\/demo.weblibre.fr\/general1\/wp-json\/wp\/v2\/comments?post=60"}],"version-history":[{"count":31,"href":"https:\/\/demo.weblibre.fr\/general1\/wp-json\/wp\/v2\/pages\/60\/revisions"}],"predecessor-version":[{"id":144,"href":"https:\/\/demo.weblibre.fr\/general1\/wp-json\/wp\/v2\/pages\/60\/revisions\/144"}],"wp:attachment":[{"href":"https:\/\/demo.weblibre.fr\/general1\/wp-json\/wp\/v2\/media?parent=60"}],"curies":[{"name":"wp","href":"https:\/\/api.w.org\/{rel}","templated":true}]}}